{"id":101,"date":"2025-09-13T19:25:21","date_gmt":"2025-09-13T19:25:21","guid":{"rendered":"https:\/\/globalcraftmentors.org\/?page_id=101"},"modified":"2025-10-23T21:40:38","modified_gmt":"2025-10-23T21:40:38","slug":"101-2","status":"publish","type":"page","link":"https:\/\/globalcraftmentors.org\/en\/101-2\/","title":{"rendered":"Home"},"content":{"rendered":"<div class=\"wp-block-group alignfull has-background-background-color has-background\" style=\"margin-top:0;margin-bottom:0;padding-top:var(--wp--preset--spacing--60);padding-right:var(--wp--preset--spacing--30);padding-bottom:var(--wp--preset--spacing--60);padding-left:var(--wp--preset--spacing--30)\"><div class=\"wp-block-group__inner-container is-layout-constrained wp-container-core-group-is-layout-392eb801 wp-block-group-is-layout-constrained\">\n<div class=\"wp-block-columns alignwide are-vertically-aligned-center is-layout-flex wp-container-core-columns-is-layout-30f78326 wp-block-columns-is-layout-flex\">\n<div class=\"wp-block-column is-vertically-aligned-center is-layout-flow wp-block-column-is-layout-flow\" style=\"flex-basis:33.3%\">\n<h2 class=\"wp-block-heading has-large-font-size\">Discover the history of our charitable initiative.<\/h2>\n\n\n\n<p style=\"margin-top:16px\">Our mission is to qualify trainers in crafts and IT in order to open up new opportunities for young people in Somaliland. We are committed to sustainable education and empowerment.<\/p>\n<\/div>\n\n\n\n<div class=\"wp-block-column is-vertically-aligned-center is-layout-flow wp-block-column-is-layout-flow\" style=\"flex-basis:50%\">\n<figure class=\"wp-block-gallery has-nested-images columns-default is-cropped wp-block-gallery-1 is-layout-flex wp-block-gallery-is-layout-flex\">\n<figure class=\"wp-block-image size-full\"><img loading=\"lazy\" decoding=\"async\" width=\"1024\" height=\"1024\" data-id=\"74\" src=\"https:\/\/globalcraftmentors.org\/wp-content\/uploads\/2025\/09\/4BF16BF4-659D-4E37-B6E7-CCA0D1F37626.png\" alt=\"\" class=\"wp-image-74\" style=\"aspect-ratio:3\/4;object-fit:cover\" srcset=\"https:\/\/globalcraftmentors.org\/wp-content\/uploads\/2025\/09\/4BF16BF4-659D-4E37-B6E7-CCA0D1F37626.png 1024w, https:\/\/globalcraftmentors.org\/wp-content\/uploads\/2025\/09\/4BF16BF4-659D-4E37-B6E7-CCA0D1F37626-300x300.png 300w, https:\/\/globalcraftmentors.org\/wp-content\/uploads\/2025\/09\/4BF16BF4-659D-4E37-B6E7-CCA0D1F37626-150x150.png 150w, https:\/\/globalcraftmentors.org\/wp-content\/uploads\/2025\/09\/4BF16BF4-659D-4E37-B6E7-CCA0D1F37626-768x768.png 768w\" sizes=\"auto, (max-width: 1024px) 100vw, 1024px\" \/><\/figure>\n\n\n\n<figure class=\"wp-block-image size-full\"><img loading=\"lazy\" decoding=\"async\" width=\"1024\" height=\"1024\" data-id=\"75\" src=\"https:\/\/globalcraftmentors.org\/wp-content\/uploads\/2025\/09\/66EA96B9-1402-429F-8A4B-46B45BA9BDAE.png\" alt=\"\" class=\"wp-image-75\" style=\"aspect-ratio:3\/4;object-fit:cover\" srcset=\"https:\/\/globalcraftmentors.org\/wp-content\/uploads\/2025\/09\/66EA96B9-1402-429F-8A4B-46B45BA9BDAE.png 1024w, https:\/\/globalcraftmentors.org\/wp-content\/uploads\/2025\/09\/66EA96B9-1402-429F-8A4B-46B45BA9BDAE-300x300.png 300w, https:\/\/globalcraftmentors.org\/wp-content\/uploads\/2025\/09\/66EA96B9-1402-429F-8A4B-46B45BA9BDAE-150x150.png 150w, https:\/\/globalcraftmentors.org\/wp-content\/uploads\/2025\/09\/66EA96B9-1402-429F-8A4B-46B45BA9BDAE-768x768.png 768w\" sizes=\"auto, (max-width: 1024px) 100vw, 1024px\" \/><\/figure>\n<\/figure>\n<\/div>\n<\/div>\n<\/div><\/div>\n\n\n\n<div class=\"wp-block-group alignfull has-tertiary-background-color has-background\" style=\"margin-top:0;margin-bottom:0;padding-top:var(--wp--preset--spacing--60);padding-right:var(--wp--preset--spacing--30);padding-bottom:var(--wp--preset--spacing--60);padding-left:var(--wp--preset--spacing--30)\"><div class=\"wp-block-group__inner-container is-layout-constrained wp-container-core-group-is-layout-392eb801 wp-block-group-is-layout-constrained\">\n<div class=\"wp-block-columns alignwide is-layout-flex wp-container-core-columns-is-layout-65786054 wp-block-columns-is-layout-flex\">\n<div class=\"wp-block-column is-layout-flow wp-block-column-is-layout-flow\">\n<p><strong>Why Somaliland?<\/strong><\/p>\n\n\n\n<p>Somaliland is a region with great potential and at the same time with particular challenges. Many young people have no access to qualified training and therefore have few prospects on the labor market. There is a lack of well-trained specialists, particularly in the skilled trades and IT sectors, who could support economic development.<\/p>\n\n\n\n<p>This is exactly where Global Craft Mentors comes in. We create practice-oriented training paths by qualifying local trainers and preparing a pilot group in the IT sector for international activities. This creates new opportunities for young people in Somaliland and contributes to stability, participation and economic development.<\/p>\n<\/div>\n\n\n\n<div class=\"wp-block-column is-layout-flow wp-block-column-is-layout-flow\"><\/div>\n<\/div>\n<\/div><\/div>\n\n\n\n<div class=\"wp-block-group alignfull has-background-background-color has-background\" style=\"margin-top:0;margin-bottom:0;padding-top:var(--wp--preset--spacing--60);padding-right:var(--wp--preset--spacing--30);padding-bottom:var(--wp--preset--spacing--60);padding-left:var(--wp--preset--spacing--30)\"><div class=\"wp-block-group__inner-container is-layout-constrained wp-container-core-group-is-layout-512a02c9 wp-block-group-is-layout-constrained\">\n<div class=\"wp-block-columns alignwide is-layout-flex wp-container-core-columns-is-layout-9d6595d7 wp-block-columns-is-layout-flex\">\n<div class=\"wp-block-column is-vertically-aligned-stretch has-tertiary-background-color has-background is-layout-flow wp-block-column-is-layout-flow\" style=\"flex-basis:40%\">\n<p>Education creates stability and democracy<br><\/p>\n\n\n\n<p>Education means much more than just learning a profession. It opens up opportunities for young people to be part of society, make their voice heard and help shape the future.<\/p>\n\n\n\n<p>This connection is particularly noticeable in Somaliland. Where young people receive an education, the risk of poverty, radicalization and emigration decreases. Instead, self-confidence, economic independence and the willingness to take responsibility for the community grow.<\/p>\n\n\n\n<p>That is why our work is more than just training. It is a contribution to stability, democracy and sustainable development.<\/p>\n<\/div>\n<\/div>\n<\/div><\/div>\n\n\n\n<div class=\"wp-block-uagb-advanced-heading uagb-block-08cf5f1f\"><h2 class=\"uagb-heading-text\">Why every support counts:<\/h2><\/div>\n\n\n\n<p>Over 70 percent of people in Somaliland are under 30 years old.<\/p>\n\n\n\n<p>Youth unemployment is around 70 percent.<\/p>\n\n\n\n<p>Each apprenticeship generates income for an entire family.<\/p>\n\n\n\n<p>Effect:<\/p>\n\n\n\n<p>Every donation or partnership directly changes lives.<\/p>\n\n\n\n<ol class=\"wp-block-list\">\n<li><\/li>\n<\/ol>\n\n\n\n<div class=\"wp-block-group alignfull has-tertiary-background-color has-background\" style=\"margin-top:0;margin-bottom:0;padding-top:var(--wp--preset--spacing--60);padding-right:var(--wp--preset--spacing--30);padding-bottom:var(--wp--preset--spacing--60);padding-left:var(--wp--preset--spacing--30)\"><div class=\"wp-block-group__inner-container is-layout-constrained wp-container-core-group-is-layout-512a02c9 wp-block-group-is-layout-constrained\">\n<div class=\"wp-block-group alignwide is-vertical is-layout-flex wp-container-core-group-is-layout-8cf370e7 wp-block-group-is-layout-flex\">\n<figure class=\"wp-block-image size-full\"><img loading=\"lazy\" decoding=\"async\" width=\"1024\" height=\"1024\" src=\"https:\/\/globalcraftmentors.org\/wp-content\/uploads\/2025\/09\/04A9AC19-C03B-44D2-B7A8-6E068C2928A1.png\" alt=\"\" class=\"wp-image-76\" srcset=\"https:\/\/globalcraftmentors.org\/wp-content\/uploads\/2025\/09\/04A9AC19-C03B-44D2-B7A8-6E068C2928A1.png 1024w, https:\/\/globalcraftmentors.org\/wp-content\/uploads\/2025\/09\/04A9AC19-C03B-44D2-B7A8-6E068C2928A1-300x300.png 300w, https:\/\/globalcraftmentors.org\/wp-content\/uploads\/2025\/09\/04A9AC19-C03B-44D2-B7A8-6E068C2928A1-150x150.png 150w, https:\/\/globalcraftmentors.org\/wp-content\/uploads\/2025\/09\/04A9AC19-C03B-44D2-B7A8-6E068C2928A1-768x768.png 768w\" sizes=\"auto, (max-width: 1024px) 100vw, 1024px\" \/><\/figure>\n<\/div>\n\n\n\n<div class=\"wp-block-columns alignwide is-layout-flex wp-container-core-columns-is-layout-9d6595d7 wp-block-columns-is-layout-flex\">\n<div class=\"wp-block-column is-layout-flow wp-block-column-is-layout-flow\"><\/div>\n\n\n\n<div class=\"wp-block-column is-layout-flow wp-block-column-is-layout-flow\"><\/div>\n<\/div>\n<\/div><\/div>","protected":false},"excerpt":{"rendered":"<p>Entdecken Sie die Geschichte unserer gemeinn\u00fctzigen Initiative. Unsere Mission ist es, Trainer im Handwerk und IT zu qualifizieren, um jungen Menschen in Somaliland neue Chancen zu er\u00f6ffnen. Wir engagieren uns f\u00fcr nachhaltige Bildung und Empowerment. Warum Somaliland? Somaliland ist eine Region mit gro\u00dfem Potenzial und gleichzeitig mit besonderen Herausforderungen. Viele junge Menschen haben keinen Zugang [&hellip;]<\/p>\n","protected":false},"author":1,"featured_media":0,"parent":0,"menu_order":0,"comment_status":"closed","ping_status":"closed","template":"page-with-title","meta":{"_uag_custom_page_level_css":"","footnotes":""},"class_list":["post-101","page","type-page","status-publish","czr-hentry"],"uagb_featured_image_src":{"full":false,"thumbnail":false,"medium":false,"medium_large":false,"large":false,"1536x1536":false,"2048x2048":false,"trp-custom-language-flag":false,"tc-grid-full":false,"tc-grid":false,"tc-thumb":false,"slider-full":false,"slider":false,"tc-sq-thumb":false,"tc-ws-thumb":false,"tc-ws-small-thumb":false,"tc-slider-small":false},"uagb_author_info":{"display_name":"admin","author_link":"https:\/\/globalcraftmentors.org\/en\/author\/admin\/"},"uagb_comment_info":0,"uagb_excerpt":"Entdecken Sie die Geschichte unserer gemeinn\u00fctzigen Initiative. Unsere Mission ist es, Trainer im Handwerk und IT zu qualifizieren, um jungen Menschen in Somaliland neue Chancen zu er\u00f6ffnen. Wir engagieren uns f\u00fcr nachhaltige Bildung und Empowerment. Warum Somaliland? Somaliland ist eine Region mit gro\u00dfem Potenzial und gleichzeitig mit besonderen Herausforderungen. Viele junge Menschen haben keinen Zugang&hellip;","_links":{"self":[{"href":"https:\/\/globalcraftmentors.org\/en\/wp-json\/wp\/v2\/pages\/101","targetHints":{"allow":["GET"]}}],"collection":[{"href":"https:\/\/globalcraftmentors.org\/en\/wp-json\/wp\/v2\/pages"}],"about":[{"href":"https:\/\/globalcraftmentors.org\/en\/wp-json\/wp\/v2\/types\/page"}],"author":[{"embeddable":true,"href":"https:\/\/globalcraftmentors.org\/en\/wp-json\/wp\/v2\/users\/1"}],"replies":[{"embeddable":true,"href":"https:\/\/globalcraftmentors.org\/en\/wp-json\/wp\/v2\/comments?post=101"}],"version-history":[{"count":7,"href":"https:\/\/globalcraftmentors.org\/en\/wp-json\/wp\/v2\/pages\/101\/revisions"}],"predecessor-version":[{"id":180,"href":"https:\/\/globalcraftmentors.org\/en\/wp-json\/wp\/v2\/pages\/101\/revisions\/180"}],"wp:attachment":[{"href":"https:\/\/globalcraftmentors.org\/en\/wp-json\/wp\/v2\/media?parent=101"}],"curies":[{"name":"wp","href":"https:\/\/api.w.org\/{rel}","templated":true}]}}