{"id":130,"date":"2025-09-13T23:37:45","date_gmt":"2025-09-13T23:37:45","guid":{"rendered":"https:\/\/globalcraftmentors.org\/?page_id=130"},"modified":"2025-09-14T00:16:46","modified_gmt":"2025-09-14T00:16:46","slug":"impressum","status":"publish","type":"page","link":"https:\/\/globalcraftmentors.org\/en\/impressum\/","title":{"rendered":"Imprint"},"content":{"rendered":"<div class=\"wp-block-group alignfull has-background-background-color has-background\" style=\"margin-top:0;margin-bottom:0;padding-top:var(--wp--preset--spacing--60);padding-bottom:var(--wp--preset--spacing--60)\"><div class=\"wp-block-group__inner-container is-layout-constrained wp-container-core-group-is-layout-57c9f6b8 wp-block-group-is-layout-constrained\">\n<p>Information according to \u00a7 5 TMG:<br><br> <strong>Website operator:<\/strong><br> Global Craft Mentors Somaliland e. V.<br> Otto-Wei\u00df-Str. 11<br> 61231 Bad Nauheim <br> Germany <br><br> <strong>Contact information:<\/strong><br> Phone: +4917672283382<br> E-mail: info@globalcraftmentors.org<br> Website: www.globalcraftmentors.org<br><br> <strong>Authorized representative:<\/strong><br> Sagell Heinzmann <br> 1st Chairman<br><br> <strong>Company registration:<\/strong><br> Register court: Local court Friedberg (Hesse)<br> Commercial register number: <strong>VR 3347<\/strong><br><\/p>\n\n\n\n<p>Non-profit status: &nbsp;<\/p>\n\n\n\n<p>The association applies for recognition as a non-profit organization at the responsible tax office. &nbsp;<\/p>\n\n\n\n<p>(The reference to non-profit status and the tax number will be added as soon as the notice of exemption is available).<br><br> <strong>Last updated:<\/strong><br> 14.09.2025<\/p>\n<\/div><\/div>","protected":false},"excerpt":{"rendered":"<p>Angaben gem\u00e4\u00df \u00a7 5 TMG: Website-Betreiber: Global Craft Mentors Somaliland e. V. Otto-Wei\u00df-Str. 11 61231 Bad Nauheim Deutschland Kontaktinformationen: Telefon: +4917672283382 E-Mail: info@globalcraftmentors.org Website: www.globalcraftmentors.org Vertretungsberechtigte Person: Sagell Heinzmann 1. Vorsitzende Unternehmensregistrierung: Registergericht: Amtsgericht Friedberg (Hessen) Handelsregisternummer: VR 3347 Gemeinn\u00fctzigkeit: &nbsp; Der Verein beantragt die Anerkennung als gemeinn\u00fctzig beim zust\u00e4ndigen Finanzamt. &nbsp; (Der Hinweis zur [&hellip;]<\/p>\n","protected":false},"author":1,"featured_media":0,"parent":0,"menu_order":4,"comment_status":"closed","ping_status":"closed","template":"page-with-title","meta":{"_uag_custom_page_level_css":"","footnotes":""},"class_list":["post-130","page","type-page","status-publish","czr-hentry"],"uagb_featured_image_src":{"full":false,"thumbnail":false,"medium":false,"medium_large":false,"large":false,"1536x1536":false,"2048x2048":false,"trp-custom-language-flag":false,"tc-grid-full":false,"tc-grid":false,"tc-thumb":false,"slider-full":false,"slider":false,"tc-sq-thumb":false,"tc-ws-thumb":false,"tc-ws-small-thumb":false,"tc-slider-small":false},"uagb_author_info":{"display_name":"admin","author_link":"https:\/\/globalcraftmentors.org\/en\/author\/admin\/"},"uagb_comment_info":0,"uagb_excerpt":"Angaben gem\u00e4\u00df \u00a7 5 TMG: Website-Betreiber: Global Craft Mentors Somaliland e. V. Otto-Wei\u00df-Str. 11 61231 Bad Nauheim Deutschland Kontaktinformationen: Telefon: +4917672283382 E-Mail: info@globalcraftmentors.org Website: www.globalcraftmentors.org Vertretungsberechtigte Person: Sagell Heinzmann 1. Vorsitzende Unternehmensregistrierung: Registergericht: Amtsgericht Friedberg (Hessen) Handelsregisternummer: VR 3347 Gemeinn\u00fctzigkeit: &nbsp; Der Verein beantragt die Anerkennung als gemeinn\u00fctzig beim zust\u00e4ndigen Finanzamt. &nbsp; (Der Hinweis zur&hellip;","_links":{"self":[{"href":"https:\/\/globalcraftmentors.org\/en\/wp-json\/wp\/v2\/pages\/130","targetHints":{"allow":["GET"]}}],"collection":[{"href":"https:\/\/globalcraftmentors.org\/en\/wp-json\/wp\/v2\/pages"}],"about":[{"href":"https:\/\/globalcraftmentors.org\/en\/wp-json\/wp\/v2\/types\/page"}],"author":[{"embeddable":true,"href":"https:\/\/globalcraftmentors.org\/en\/wp-json\/wp\/v2\/users\/1"}],"replies":[{"embeddable":true,"href":"https:\/\/globalcraftmentors.org\/en\/wp-json\/wp\/v2\/comments?post=130"}],"version-history":[{"count":4,"href":"https:\/\/globalcraftmentors.org\/en\/wp-json\/wp\/v2\/pages\/130\/revisions"}],"predecessor-version":[{"id":133,"href":"https:\/\/globalcraftmentors.org\/en\/wp-json\/wp\/v2\/pages\/130\/revisions\/133"}],"wp:attachment":[{"href":"https:\/\/globalcraftmentors.org\/en\/wp-json\/wp\/v2\/media?parent=130"}],"curies":[{"name":"wp","href":"https:\/\/api.w.org\/{rel}","templated":true}]}}