{"id":159,"date":"2025-09-14T18:55:59","date_gmt":"2025-09-14T18:55:59","guid":{"rendered":"https:\/\/globalcraftmentors.org\/?page_id=159"},"modified":"2025-09-14T18:55:59","modified_gmt":"2025-09-14T18:55:59","slug":"unsere-partner","status":"publish","type":"page","link":"https:\/\/globalcraftmentors.org\/en\/unsere-partner\/","title":{"rendered":"Unsere Partner"},"content":{"rendered":"<p><img loading=\"lazy\" decoding=\"async\" width=\"368\" height=\"368\" class=\"wp-image-49\" style=\"width: 368px;\" src=\"https:\/\/globalcraftmentors.org\/wp-content\/uploads\/2025\/09\/Hompage-4.png\" alt=\"\" srcset=\"https:\/\/globalcraftmentors.org\/wp-content\/uploads\/2025\/09\/Hompage-4.png 1024w, https:\/\/globalcraftmentors.org\/wp-content\/uploads\/2025\/09\/Hompage-4-300x300.png 300w, https:\/\/globalcraftmentors.org\/wp-content\/uploads\/2025\/09\/Hompage-4-150x150.png 150w, https:\/\/globalcraftmentors.org\/wp-content\/uploads\/2025\/09\/Hompage-4-768x768.png 768w\" sizes=\"auto, (max-width: 368px) 100vw, 368px\" \/><\/p>\n\n\n\n<p>Unsere Partner in Somaliland<\/p>\n\n\n\n<p>Die praktische Ausbildung unserer Initiative findet direkt vor Ort in Somaliland statt. Daf\u00fcr arbeiten wir eng mit dem Bildungsministerium und dem staatlichen Hargeisa Technical Institute (HTI) zusammen. Gemeinsam stellen wir sicher, dass junge Menschen sowohl im Handwerk als auch in der IT eine fundierte und praxisnahe Qualifizierung erhalten.<\/p>\n\n\n\n<p>Hargeisa Technical Institute (HTI)<\/p>\n\n\n\n<p>Das HTI ist die gr\u00f6\u00dfte staatliche Berufsschule Somalilands und bietet bereits heute ein breites Spektrum an technischen Ausbildungen. Durch unsere Partnerschaft k\u00f6nnen wir vorhandene Strukturen st\u00e4rken, Lehrpl\u00e4ne gemeinsam weiterentwickeln und neue Ausbildungswege er\u00f6ffnen.<\/p>\n\n\n\n<p>Das Institut ist ein zentraler Ort, an dem Theorie und Praxis zusammenkommen \u2013 und an dem junge Menschen die Chance erhalten, ihre berufliche Zukunft aktiv zu gestalten.<\/p>","protected":false},"excerpt":{"rendered":"<p>Unsere Partner in Somaliland Die praktische Ausbildung unserer Initiative findet direkt vor Ort in Somaliland statt. Daf\u00fcr arbeiten wir eng mit dem Bildungsministerium und dem staatlichen Hargeisa Technical Institute (HTI) zusammen. Gemeinsam stellen wir sicher, dass junge Menschen sowohl im Handwerk als auch in der IT eine fundierte und praxisnahe Qualifizierung erhalten. Hargeisa Technical Institute [&hellip;]<\/p>\n","protected":false},"author":1,"featured_media":0,"parent":0,"menu_order":0,"comment_status":"closed","ping_status":"closed","template":"page-with-title","meta":{"_uag_custom_page_level_css":"","footnotes":""},"class_list":["post-159","page","type-page","status-publish","czr-hentry"],"uagb_featured_image_src":{"full":false,"thumbnail":false,"medium":false,"medium_large":false,"large":false,"1536x1536":false,"2048x2048":false,"trp-custom-language-flag":false,"tc-grid-full":false,"tc-grid":false,"tc-thumb":false,"slider-full":false,"slider":false,"tc-sq-thumb":false,"tc-ws-thumb":false,"tc-ws-small-thumb":false,"tc-slider-small":false},"uagb_author_info":{"display_name":"admin","author_link":"https:\/\/globalcraftmentors.org\/en\/author\/admin\/"},"uagb_comment_info":0,"uagb_excerpt":"Unsere Partner in Somaliland Die praktische Ausbildung unserer Initiative findet direkt vor Ort in Somaliland statt. Daf\u00fcr arbeiten wir eng mit dem Bildungsministerium und dem staatlichen Hargeisa Technical Institute (HTI) zusammen. Gemeinsam stellen wir sicher, dass junge Menschen sowohl im Handwerk als auch in der IT eine fundierte und praxisnahe Qualifizierung erhalten. Hargeisa Technical Institute&hellip;","_links":{"self":[{"href":"https:\/\/globalcraftmentors.org\/en\/wp-json\/wp\/v2\/pages\/159","targetHints":{"allow":["GET"]}}],"collection":[{"href":"https:\/\/globalcraftmentors.org\/en\/wp-json\/wp\/v2\/pages"}],"about":[{"href":"https:\/\/globalcraftmentors.org\/en\/wp-json\/wp\/v2\/types\/page"}],"author":[{"embeddable":true,"href":"https:\/\/globalcraftmentors.org\/en\/wp-json\/wp\/v2\/users\/1"}],"replies":[{"embeddable":true,"href":"https:\/\/globalcraftmentors.org\/en\/wp-json\/wp\/v2\/comments?post=159"}],"version-history":[{"count":2,"href":"https:\/\/globalcraftmentors.org\/en\/wp-json\/wp\/v2\/pages\/159\/revisions"}],"predecessor-version":[{"id":161,"href":"https:\/\/globalcraftmentors.org\/en\/wp-json\/wp\/v2\/pages\/159\/revisions\/161"}],"wp:attachment":[{"href":"https:\/\/globalcraftmentors.org\/en\/wp-json\/wp\/v2\/media?parent=159"}],"curies":[{"name":"wp","href":"https:\/\/api.w.org\/{rel}","templated":true}]}}