{"id":93,"date":"2025-09-13T19:11:12","date_gmt":"2025-09-13T19:11:12","guid":{"rendered":"https:\/\/globalcraftmentors.org\/?page_id=93"},"modified":"2025-09-14T21:35:46","modified_gmt":"2025-09-14T21:35:46","slug":"global-craft-mentors-somaliland-e-v-2","status":"publish","type":"page","link":"https:\/\/globalcraftmentors.org\/en\/global-craft-mentors-somaliland-e-v-2\/","title":{"rendered":"Global Craft Mentors Somaliland e. V."},"content":{"rendered":"<div class=\"wp-block-group alignfull has-background-background-color has-background\" style=\"margin-top:0;margin-bottom:0;padding-top:var(--wp--preset--spacing--60);padding-right:var(--wp--preset--spacing--30);padding-bottom:var(--wp--preset--spacing--60);padding-left:var(--wp--preset--spacing--30)\"><div class=\"wp-block-group__inner-container is-layout-constrained wp-container-core-group-is-layout-512a02c9 wp-block-group-is-layout-constrained\">\n<h1 class=\"wp-block-heading has-large-font-size\">Despite a lack of international recognition, Somaliland has shown that democracy can grow on its own. The country is a prime example of stability in the Horn of Africa. At the same time, the population is young, the majority of people are young people, many of whom have no work and no prospects.<\/h1>\n\n\n\n<p>This is exactly where our education initiative comes in: We open up opportunities for young people through practical training in the skilled trades and individualized IT training with international expertise. In this way, we promote economic participation, strengthen democratic structures and send a clear signal for equal opportunities and gender equality.<br><\/p>\n<\/div><\/div>\n\n\n\n<div class=\"wp-block-group alignfull has-tertiary-background-color has-background\" style=\"margin-top:0;margin-bottom:0;padding-top:var(--wp--preset--spacing--60);padding-right:var(--wp--preset--spacing--30);padding-bottom:var(--wp--preset--spacing--60);padding-left:var(--wp--preset--spacing--30)\"><div class=\"wp-block-group__inner-container is-layout-constrained wp-container-core-group-is-layout-512a02c9 wp-block-group-is-layout-constrained\">\n<div class=\"wp-block-columns alignwide are-vertically-aligned-center is-layout-flex wp-container-core-columns-is-layout-3da6863c wp-block-columns-is-layout-flex\">\n<div class=\"wp-block-column is-vertically-aligned-center is-layout-flow wp-block-column-is-layout-flow\"><\/div>\n<\/div>\n\n\n\n<div class=\"wp-block-uagb-image uagb-block-48b1a4a9 wp-block-uagb-image--layout-default wp-block-uagb-image--effect-static wp-block-uagb-image--align-none\"><figure class=\"wp-block-uagb-image__figure\"><img decoding=\"async\" srcset=\"https:\/\/globalcraftmentors.org\/wp-content\/uploads\/2025\/09\/CD12C50D-8070-44E3-A542-3E2434DB6336-2-683x1024.png ,https:\/\/globalcraftmentors.org\/wp-content\/uploads\/2025\/09\/CD12C50D-8070-44E3-A542-3E2434DB6336-2.png 780w, https:\/\/globalcraftmentors.org\/wp-content\/uploads\/2025\/09\/CD12C50D-8070-44E3-A542-3E2434DB6336-2.png 360w\" sizes=\"auto, (max-width: 480px) 150px\" src=\"https:\/\/globalcraftmentors.org\/wp-content\/uploads\/2025\/09\/CD12C50D-8070-44E3-A542-3E2434DB6336-2-683x1024.png\" alt=\"\" class=\"uag-image-18\" width=\"512\" height=\"768\" title=\"CD12C50D-8070-44E3-A542-3E2434DB6336\" loading=\"lazy\" role=\"img\"\/><\/figure><\/div>\n<\/div><\/div>\n\n\n\n<div class=\"wp-block-group alignfull has-background-background-color has-background\" style=\"margin-top:0;margin-bottom:0;padding-top:var(--wp--preset--spacing--60);padding-right:var(--wp--preset--spacing--30);padding-bottom:var(--wp--preset--spacing--60);padding-left:var(--wp--preset--spacing--30)\"><div class=\"wp-block-group__inner-container is-layout-constrained wp-container-core-group-is-layout-392eb801 wp-block-group-is-layout-constrained\">\n<p><strong>Vision<\/strong><\/p>\n\n\n\n<p>A Somaliland where young people shape their own future through crafts and IT, create jobs and sustainably strengthen their society.<\/p>\n<\/div><\/div>\n\n\n\n<div class=\"wp-block-group alignfull has-background-background-color has-background\" style=\"margin-top:0;margin-bottom:0;padding-top:var(--wp--preset--spacing--60);padding-right:var(--wp--preset--spacing--30);padding-bottom:var(--wp--preset--spacing--60);padding-left:var(--wp--preset--spacing--30)\"><div class=\"wp-block-group__inner-container is-layout-constrained wp-container-core-group-is-layout-47a6ea52 wp-block-group-is-layout-constrained\">\n<p><strong>Mission<\/strong><\/p>\n\n\n\n<p>We empower young people through practical training in the trades and IT. We combine international expertise with local roots, use the train-the-trainer method and create fair opportunities for a self-determined life<\/p>\n<\/div><\/div>\n\n\n\n<div class=\"wp-block-uagb-advanced-heading uagb-block-3a34a5c9\"><h2 class=\"uagb-heading-text\">Values<\/h2><\/div>\n\n\n\n<p>Partnership: We work on an equal footing with local institutions and communities.<\/p>\n\n\n\n<p>Sustainable: We not only train specialists, but also trainers.<\/p>\n\n\n\n<p>Inclusive: We promote the participation of women and disadvantaged groups.<\/p>\n\n\n\n<p>Innovative: We combine traditional craftsmanship with modern IT.<\/p>\n\n\n\n<p><\/p>","protected":false},"excerpt":{"rendered":"<p>Trotz fehlender internationaler Anerkennung hat Somaliland gezeigt, dass Demokratie auch aus eigener Kraft wachsen kann. Das Land ist ein Paradebeispiel f\u00fcr Stabilit\u00e4t am Horn von Afrika. Gleichzeitig ist die Bev\u00f6lkerung jung, die Mehrheit der Menschen sind Jugendliche, viele von ihnen ohne Arbeit und ohne Perspektive. Genau hier setzt unsere Bildungsinitiative an: Wir er\u00f6ffnen Jugendlichen Chancen [&hellip;]<\/p>\n","protected":false},"author":1,"featured_media":0,"parent":0,"menu_order":0,"comment_status":"closed","ping_status":"closed","template":"","meta":{"_uag_custom_page_level_css":"","footnotes":""},"class_list":["post-93","page","type-page","status-publish","czr-hentry"],"uagb_featured_image_src":{"full":false,"thumbnail":false,"medium":false,"medium_large":false,"large":false,"1536x1536":false,"2048x2048":false,"trp-custom-language-flag":false,"tc-grid-full":false,"tc-grid":false,"tc-thumb":false,"slider-full":false,"slider":false,"tc-sq-thumb":false,"tc-ws-thumb":false,"tc-ws-small-thumb":false,"tc-slider-small":false},"uagb_author_info":{"display_name":"admin","author_link":"https:\/\/globalcraftmentors.org\/en\/author\/admin\/"},"uagb_comment_info":0,"uagb_excerpt":"Trotz fehlender internationaler Anerkennung hat Somaliland gezeigt, dass Demokratie auch aus eigener Kraft wachsen kann. Das Land ist ein Paradebeispiel f\u00fcr Stabilit\u00e4t am Horn von Afrika. Gleichzeitig ist die Bev\u00f6lkerung jung, die Mehrheit der Menschen sind Jugendliche, viele von ihnen ohne Arbeit und ohne Perspektive. Genau hier setzt unsere Bildungsinitiative an: Wir er\u00f6ffnen Jugendlichen Chancen&hellip;","_links":{"self":[{"href":"https:\/\/globalcraftmentors.org\/en\/wp-json\/wp\/v2\/pages\/93","targetHints":{"allow":["GET"]}}],"collection":[{"href":"https:\/\/globalcraftmentors.org\/en\/wp-json\/wp\/v2\/pages"}],"about":[{"href":"https:\/\/globalcraftmentors.org\/en\/wp-json\/wp\/v2\/types\/page"}],"author":[{"embeddable":true,"href":"https:\/\/globalcraftmentors.org\/en\/wp-json\/wp\/v2\/users\/1"}],"replies":[{"embeddable":true,"href":"https:\/\/globalcraftmentors.org\/en\/wp-json\/wp\/v2\/comments?post=93"}],"version-history":[{"count":4,"href":"https:\/\/globalcraftmentors.org\/en\/wp-json\/wp\/v2\/pages\/93\/revisions"}],"predecessor-version":[{"id":188,"href":"https:\/\/globalcraftmentors.org\/en\/wp-json\/wp\/v2\/pages\/93\/revisions\/188"}],"wp:attachment":[{"href":"https:\/\/globalcraftmentors.org\/en\/wp-json\/wp\/v2\/media?parent=93"}],"curies":[{"name":"wp","href":"https:\/\/api.w.org\/{rel}","templated":true}]}}